{"id":7,"date":"2008-12-21T14:28:53","date_gmt":"2008-12-21T13:28:53","guid":{"rendered":"http:\/\/www.syscare.sk\/?page_id=7"},"modified":"2024-08-24T16:01:38","modified_gmt":"2024-08-24T15:01:38","slug":"contact","status":"publish","type":"page","link":"https:\/\/www.syscare.sk\/index.php\/contact\/","title":{"rendered":"Contact"},"content":{"rendered":"<p><strong>SysCare s. r. o.<\/strong><br \/>\nBazov\u00e1 19291\/6C<br \/>\nSK-821 08 Bratislava &#8211; mestsk\u00e1 \u010das\u0165 Ru\u017einov<br \/>\nSlovak republic<br \/>\nI\u010cO: 44 543 042<br \/>\nI\u010c DPH: SK2022733603<\/p>\n<p>Spol. zap\u00edsan\u00e1 v obch. registri Mestsk\u00e9ho s\u00fadu BA III odd. Sro, vlo\u017eka \u010d. 55949\/B<br \/>\nBankov\u00e9 spojenie: SLSP, a.s. , \u010d\u00edslo \u00fa\u010dtu: SK73 0900 0000 0006 3340 2384<\/p>\n<p>Email:<a href=\"mailto:office@syscare.sk\">office@syscare.sk<\/a><br \/>\nTel: +421 903 666 466<\/p>\n<p>SK-NIC handle: SYSC-0005<\/p>\n","protected":false},"excerpt":{"rendered":"<p>SysCare s. r. o. Bazov\u00e1 19291\/6C SK-821 08 Bratislava &#8211; mestsk\u00e1 \u010das\u0165 Ru\u017einov Slovak republic I\u010cO: 44 543 042 I\u010c DPH: SK2022733603 Spol. zap\u00edsan\u00e1 v obch. registri Mestsk\u00e9ho s\u00fadu BA III odd. Sro, vlo\u017eka \u010d. 55949\/B Bankov\u00e9 spojenie: SLSP, a.s. , \u010d\u00edslo \u00fa\u010dtu: SK73 0900 0000 0006 3340 2384 Email:office@syscare.sk Tel: +421 903 666 466 [&hellip;]<\/p>\n","protected":false},"author":2,"featured_media":0,"parent":0,"menu_order":2,"comment_status":"closed","ping_status":"closed","template":"","meta":{"footnotes":""},"class_list":["post-7","page","type-page","status-publish","hentry"],"_links":{"self":[{"href":"https:\/\/www.syscare.sk\/index.php\/wp-json\/wp\/v2\/pages\/7","targetHints":{"allow":["GET"]}}],"collection":[{"href":"https:\/\/www.syscare.sk\/index.php\/wp-json\/wp\/v2\/pages"}],"about":[{"href":"https:\/\/www.syscare.sk\/index.php\/wp-json\/wp\/v2\/types\/page"}],"author":[{"embeddable":true,"href":"https:\/\/www.syscare.sk\/index.php\/wp-json\/wp\/v2\/users\/2"}],"replies":[{"embeddable":true,"href":"https:\/\/www.syscare.sk\/index.php\/wp-json\/wp\/v2\/comments?post=7"}],"version-history":[{"count":13,"href":"https:\/\/www.syscare.sk\/index.php\/wp-json\/wp\/v2\/pages\/7\/revisions"}],"predecessor-version":[{"id":78,"href":"https:\/\/www.syscare.sk\/index.php\/wp-json\/wp\/v2\/pages\/7\/revisions\/78"}],"wp:attachment":[{"href":"https:\/\/www.syscare.sk\/index.php\/wp-json\/wp\/v2\/media?parent=7"}],"curies":[{"name":"wp","href":"https:\/\/api.w.org\/{rel}","templated":true}]}}